{"id":76,"date":"2024-01-17T12:43:19","date_gmt":"2024-01-17T12:43:19","guid":{"rendered":"https:\/\/egilisnekkarbua.no\/?page_id=76"},"modified":"2024-01-29T18:46:32","modified_gmt":"2024-01-29T18:46:32","slug":"contact","status":"publish","type":"page","link":"https:\/\/egilisnekkarbua.no\/?page_id=76","title":{"rendered":"Contact"},"content":{"rendered":"<style>.kb-row-layout-id76_94f29d-9d > .kt-row-column-wrap{align-content:end;}:where(.kb-row-layout-id76_94f29d-9d > .kt-row-column-wrap) > .wp-block-kadence-column{justify-content:end;}.kb-row-layout-id76_94f29d-9d > .kt-row-column-wrap{column-gap:var(--global-kb-gap-md, 2rem);row-gap:var(--global-kb-gap-md, 2rem);max-width:var( --global-content-width, 1290px );padding-left:var(--global-content-edge-padding);padding-right:var(--global-content-edge-padding);padding-top:var(--global-kb-spacing-5xl, 10rem);padding-bottom:var(--global-kb-spacing-5xl, 10rem);min-height:1072px;grid-template-columns:minmax(0, 1fr);}.kb-row-layout-id76_94f29d-9d{background-image:url('https:\/\/egilisnekkarbua.no\/wp-content\/uploads\/2024\/01\/Egil-Henning-hoykant-v3.jpg');background-size:cover;background-position:63% 33%;background-attachment:scroll;background-repeat:no-repeat;}.kb-row-layout-id76_94f29d-9d > .kt-row-layout-overlay{opacity:0.55;background-color:var(--global-palette3, #1A202C);mix-blend-mode:normal;}@media all and (max-width: 1024px){.kb-row-layout-id76_94f29d-9d > .kt-row-column-wrap{grid-template-columns:minmax(0, 1fr);}}@media all and (max-width: 767px){.kb-row-layout-id76_94f29d-9d > .kt-row-column-wrap{padding-top:var(--global-kb-spacing-xl, 4rem);padding-bottom:var(--global-kb-spacing-xl, 4rem);min-height:486px;grid-template-columns:minmax(0, 1fr);}}<\/style><div class=\"kb-row-layout-wrap kb-row-layout-id76_94f29d-9d alignfull kt-row-has-bg wp-block-kadence-rowlayout\"><div class=\"kt-row-layout-overlay kt-row-overlay-normal\"><\/div><div class=\"kt-row-column-wrap kt-has-1-columns kt-row-layout-equal kt-tab-layout-inherit kt-mobile-layout-row kt-row-valign-bottom kb-theme-content-width\">\n<style>.kadence-column76_e37302-64 > .kt-inside-inner-col{display:flex;}.kadence-column76_e37302-64 > .kt-inside-inner-col{padding-top:var(--global-kb-spacing-3xl, 6.5rem);}.kadence-column76_e37302-64 > .kt-inside-inner-col,.kadence-column76_e37302-64 > .kt-inside-inner-col:before{border-top-left-radius:0px;border-top-right-radius:0px;border-bottom-right-radius:0px;border-bottom-left-radius:0px;}.kadence-column76_e37302-64 > .kt-inside-inner-col{column-gap:var(--global-kb-gap-sm, 1rem);}.kadence-column76_e37302-64 > .kt-inside-inner-col{flex-direction:column;justify-content:flex-end;}.kadence-column76_e37302-64 > .kt-inside-inner-col > .aligncenter{width:100%;}.kt-row-column-wrap > .kadence-column76_e37302-64{align-self:flex-end;}.kt-inner-column-height-full:not(.kt-has-1-columns) > .wp-block-kadence-column.kadence-column76_e37302-64{align-self:auto;}.kt-inner-column-height-full:not(.kt-has-1-columns) > .wp-block-kadence-column.kadence-column76_e37302-64 > .kt-inside-inner-col{flex-direction:column;justify-content:flex-end;}.kadence-column76_e37302-64 > .kt-inside-inner-col:before{opacity:0.3;}.kadence-column76_e37302-64{position:relative;}@media all and (max-width: 1024px){.kt-row-column-wrap > .kadence-column76_e37302-64{align-self:flex-end;}}@media all and (max-width: 1024px){.kt-inner-column-height-full:not(.kt-has-1-columns) > .wp-block-kadence-column.kadence-column76_e37302-64{align-self:auto;}}@media all and (max-width: 1024px){.kt-inner-column-height-full:not(.kt-has-1-columns) > .wp-block-kadence-column.kadence-column76_e37302-64 > .kt-inside-inner-col{flex-direction:column;justify-content:flex-end;}}@media all and (max-width: 1024px){.kadence-column76_e37302-64 > .kt-inside-inner-col{flex-direction:column;justify-content:flex-end;}}@media all and (max-width: 767px){.kt-row-column-wrap > .kadence-column76_e37302-64{align-self:flex-end;}.kt-inner-column-height-full:not(.kt-has-1-columns) > .wp-block-kadence-column.kadence-column76_e37302-64{align-self:auto;}.kt-inner-column-height-full:not(.kt-has-1-columns) > .wp-block-kadence-column.kadence-column76_e37302-64 > .kt-inside-inner-col{flex-direction:column;justify-content:flex-end;}.kadence-column76_e37302-64 > .kt-inside-inner-col{flex-direction:column;justify-content:flex-end;}}<\/style>\n<div class=\"wp-block-kadence-column kadence-column76_e37302-64 inner-column-1\"><div class=\"kt-inside-inner-col\"><style>.wp-block-kadence-spacer.kt-block-spacer-76_39138c-ff .kt-block-spacer{height:40px;}.wp-block-kadence-spacer.kt-block-spacer-76_39138c-ff .kt-divider{border-top-width:1px;height:1px;border-top-color:var(--global-palette1, #3182CE);width:15%;border-top-style:solid;}<\/style>\n<div class=\"wp-block-kadence-spacer aligncenter kt-block-spacer-76_39138c-ff\"><div class=\"kt-block-spacer kt-block-spacer-halign-center\"><hr class=\"kt-divider\"\/><\/div><\/div>\n\n\n<style>.wp-block-kadence-advancedheading.kt-adv-heading76_d5d502-9f, .wp-block-kadence-advancedheading.kt-adv-heading76_d5d502-9f[data-kb-block=\"kb-adv-heading76_d5d502-9f\"]{padding-top:0px;margin-top:0px;text-align:center;font-size:var(--global-kb-font-size-lg, 2rem);line-height:1.1;font-style:normal;}.wp-block-kadence-advancedheading.kt-adv-heading76_d5d502-9f mark.kt-highlight, .wp-block-kadence-advancedheading.kt-adv-heading76_d5d502-9f[data-kb-block=\"kb-adv-heading76_d5d502-9f\"] mark.kt-highlight{font-style:normal;color:#f76a0c;-webkit-box-decoration-break:clone;box-decoration-break:clone;padding-top:0px;padding-right:0px;padding-bottom:0px;padding-left:0px;}.wp-block-kadence-advancedheading.kt-adv-heading76_d5d502-9f img.kb-inline-image, .wp-block-kadence-advancedheading.kt-adv-heading76_d5d502-9f[data-kb-block=\"kb-adv-heading76_d5d502-9f\"] img.kb-inline-image{width:150px;vertical-align:baseline;}@media all and (max-width: 1024px){.wp-block-kadence-advancedheading.kt-adv-heading76_d5d502-9f, .wp-block-kadence-advancedheading.kt-adv-heading76_d5d502-9f[data-kb-block=\"kb-adv-heading76_d5d502-9f\"]{font-size:60px;}}@media all and (max-width: 767px){.wp-block-kadence-advancedheading.kt-adv-heading76_d5d502-9f, .wp-block-kadence-advancedheading.kt-adv-heading76_d5d502-9f[data-kb-block=\"kb-adv-heading76_d5d502-9f\"]{font-size:40px;}}<\/style>\n<h1 class=\"kt-adv-heading76_d5d502-9f wp-block-kadence-advancedheading has-theme-palette-9-color has-text-color\" data-kb-block=\"kb-adv-heading76_d5d502-9f\">Ta kontakt<\/h1>\n\n\n<style>.wp-block-kadence-advancedheading.kt-adv-heading76_01aa62-32, .wp-block-kadence-advancedheading.kt-adv-heading76_01aa62-32[data-kb-block=\"kb-adv-heading76_01aa62-32\"]{max-width:600px;margin-right:auto;margin-left:auto;text-align:center;font-size:var(--global-kb-font-size-md, 1.25rem);font-style:normal;}.wp-block-kadence-advancedheading.kt-adv-heading76_01aa62-32 mark.kt-highlight, .wp-block-kadence-advancedheading.kt-adv-heading76_01aa62-32[data-kb-block=\"kb-adv-heading76_01aa62-32\"] mark.kt-highlight{font-style:normal;color:#f76a0c;-webkit-box-decoration-break:clone;box-decoration-break:clone;padding-top:0px;padding-right:0px;padding-bottom:0px;padding-left:0px;}.wp-block-kadence-advancedheading.kt-adv-heading76_01aa62-32 img.kb-inline-image, .wp-block-kadence-advancedheading.kt-adv-heading76_01aa62-32[data-kb-block=\"kb-adv-heading76_01aa62-32\"] img.kb-inline-image{width:150px;vertical-align:baseline;}<\/style>\n<p class=\"kt-adv-heading76_01aa62-32 wp-block-kadence-advancedheading has-theme-palette-8-color has-text-color\" data-kb-block=\"kb-adv-heading76_01aa62-32\"><strong>Egil Henning<br>\u00d8vre Rishalla 12<br>7716 Steinkjer<\/strong><\/p>\n\n\n<style>.wp-block-kadence-advancedheading.kt-adv-heading76_15064d-62, .wp-block-kadence-advancedheading.kt-adv-heading76_15064d-62[data-kb-block=\"kb-adv-heading76_15064d-62\"]{max-width:600px;margin-right:auto;margin-left:auto;text-align:center;font-style:normal;}.wp-block-kadence-advancedheading.kt-adv-heading76_15064d-62 mark.kt-highlight, .wp-block-kadence-advancedheading.kt-adv-heading76_15064d-62[data-kb-block=\"kb-adv-heading76_15064d-62\"] mark.kt-highlight{font-style:normal;color:#f76a0c;-webkit-box-decoration-break:clone;box-decoration-break:clone;padding-top:0px;padding-right:0px;padding-bottom:0px;padding-left:0px;}.wp-block-kadence-advancedheading.kt-adv-heading76_15064d-62 img.kb-inline-image, .wp-block-kadence-advancedheading.kt-adv-heading76_15064d-62[data-kb-block=\"kb-adv-heading76_15064d-62\"] img.kb-inline-image{width:150px;vertical-align:baseline;}<\/style>\n<p class=\"kt-adv-heading76_15064d-62 wp-block-kadence-advancedheading has-theme-palette-4-color has-text-color has-theme-palette-9-background-color has-background\" data-kb-block=\"kb-adv-heading76_15064d-62\"> Har du en tilbakemelding\/sp\u00f8rsm\u00e5l eller trenger hjelp med \u00e5 finne den unike gaven til den som allerede har alt? Send meg en epost til <strong><a href=\"egil.henning@ntebb.no\">egil.henning@ntebb.no<\/a><\/strong><\/p>\n<\/div><\/div>\n\n<\/div><\/div>","protected":false},"excerpt":{"rendered":"<p>Ta kontakt Egil Henning\u00d8vre Rishalla 127716 Steinkjer Har du en tilbakemelding\/sp\u00f8rsm\u00e5l eller trenger hjelp med \u00e5 finne den unike gaven til den som allerede har alt? Send meg en epost til egil.henning@ntebb.no<\/p>\n","protected":false},"author":1,"featured_media":0,"parent":0,"menu_order":0,"comment_status":"closed","ping_status":"closed","template":"","meta":{"_kadence_starter_templates_imported_post":true,"_kad_post_transparent":"","_kad_post_title":"hide","_kad_post_layout":"fullwidth","_kad_post_sidebar_id":"","_kad_post_content_style":"unboxed","_kad_post_vertical_padding":"hide","_kad_post_feature":"hide","_kad_post_feature_position":"","_kad_post_header":false,"_kad_post_footer":false,"_kad_post_classname":"","footnotes":""},"class_list":["post-76","page","type-page","status-publish","hentry"],"_links":{"self":[{"href":"https:\/\/egilisnekkarbua.no\/index.php?rest_route=\/wp\/v2\/pages\/76","targetHints":{"allow":["GET"]}}],"collection":[{"href":"https:\/\/egilisnekkarbua.no\/index.php?rest_route=\/wp\/v2\/pages"}],"about":[{"href":"https:\/\/egilisnekkarbua.no\/index.php?rest_route=\/wp\/v2\/types\/page"}],"author":[{"embeddable":true,"href":"https:\/\/egilisnekkarbua.no\/index.php?rest_route=\/wp\/v2\/users\/1"}],"replies":[{"embeddable":true,"href":"https:\/\/egilisnekkarbua.no\/index.php?rest_route=%2Fwp%2Fv2%2Fcomments&post=76"}],"version-history":[{"count":4,"href":"https:\/\/egilisnekkarbua.no\/index.php?rest_route=\/wp\/v2\/pages\/76\/revisions"}],"predecessor-version":[{"id":1231,"href":"https:\/\/egilisnekkarbua.no\/index.php?rest_route=\/wp\/v2\/pages\/76\/revisions\/1231"}],"wp:attachment":[{"href":"https:\/\/egilisnekkarbua.no\/index.php?rest_route=%2Fwp%2Fv2%2Fmedia&parent=76"}],"curies":[{"name":"wp","href":"https:\/\/api.w.org\/{rel}","templated":true}]}}