{"id":74,"date":"2024-01-17T12:43:16","date_gmt":"2024-01-17T12:43:16","guid":{"rendered":"https:\/\/egilisnekkarbua.no\/?page_id=74"},"modified":"2024-05-13T10:05:59","modified_gmt":"2024-05-13T10:05:59","slug":"hjem","status":"publish","type":"page","link":"https:\/\/egilisnekkarbua.no\/","title":{"rendered":"Hjem"},"content":{"rendered":"<style>.kb-row-layout-id74_0c586a-60 > .kt-row-column-wrap{align-content:center;}:where(.kb-row-layout-id74_0c586a-60 > .kt-row-column-wrap) > .wp-block-kadence-column{justify-content:center;}.kb-row-layout-id74_0c586a-60 > .kt-row-column-wrap{column-gap:var(--global-kb-gap-md, 2rem);row-gap:var(--global-kb-gap-md, 2rem);max-width:var( --global-content-width, 1290px );padding-left:var(--global-content-edge-padding);padding-right:var(--global-content-edge-padding);padding-top:var(--global-kb-spacing-4xl, 8rem);padding-bottom:var(--global-kb-spacing-4xl, 8rem);min-height:650px;grid-template-columns:minmax(0, 1fr);}.kb-row-layout-id74_0c586a-60{background-image:url('https:\/\/egilisnekkarbua.no\/wp-content\/uploads\/2024\/01\/Egil-Henning-hoykant-v2-1.jpg');background-size:cover;background-position:68% 27%;background-attachment:scroll;background-repeat:no-repeat;}.kb-row-layout-id74_0c586a-60 > .kt-row-layout-overlay{opacity:0.85;background-color:var(--global-palette3, #1A202C);mix-blend-mode:normal;}@media all and (max-width: 1024px){.kb-row-layout-id74_0c586a-60 > .kt-row-column-wrap{grid-template-columns:minmax(0, 1fr);}}@media all and (max-width: 767px){.kb-row-layout-id74_0c586a-60 > .kt-row-column-wrap{padding-top:var(--global-kb-spacing-xl, 4rem);padding-bottom:var(--global-kb-spacing-xl, 4rem);min-height:400px;grid-template-columns:minmax(0, 1fr);}}<\/style><div class=\"kb-row-layout-wrap kb-row-layout-id74_0c586a-60 alignnone kt-row-has-bg wp-block-kadence-rowlayout\"><div class=\"kt-row-layout-overlay kt-row-overlay-normal\"><\/div><div class=\"kt-row-column-wrap kt-has-1-columns kt-row-layout-equal kt-tab-layout-inherit kt-mobile-layout-row kt-row-valign-middle kb-theme-content-width\">\n<style>.kadence-column74_db77bf-02 > .kt-inside-inner-col{display:flex;}.kadence-column74_db77bf-02 > .kt-inside-inner-col,.kadence-column74_db77bf-02 > .kt-inside-inner-col:before{border-top-left-radius:0px;border-top-right-radius:0px;border-bottom-right-radius:0px;border-bottom-left-radius:0px;}.kadence-column74_db77bf-02 > .kt-inside-inner-col{column-gap:var(--global-kb-gap-sm, 1rem);}.kadence-column74_db77bf-02 > .kt-inside-inner-col{flex-direction:column;justify-content:center;}.kadence-column74_db77bf-02 > .kt-inside-inner-col > .aligncenter{width:100%;}.kt-row-column-wrap > .kadence-column74_db77bf-02{align-self:center;}.kt-inner-column-height-full:not(.kt-has-1-columns) > .wp-block-kadence-column.kadence-column74_db77bf-02{align-self:auto;}.kt-inner-column-height-full:not(.kt-has-1-columns) > .wp-block-kadence-column.kadence-column74_db77bf-02 > .kt-inside-inner-col{flex-direction:column;justify-content:center;}.kadence-column74_db77bf-02 > .kt-inside-inner-col:before{opacity:0.3;}.kadence-column74_db77bf-02{position:relative;}@media all and (max-width: 1024px){.kt-row-column-wrap > .kadence-column74_db77bf-02{align-self:center;}}@media all and (max-width: 1024px){.kt-inner-column-height-full:not(.kt-has-1-columns) > .wp-block-kadence-column.kadence-column74_db77bf-02{align-self:auto;}}@media all and (max-width: 1024px){.kt-inner-column-height-full:not(.kt-has-1-columns) > .wp-block-kadence-column.kadence-column74_db77bf-02 > .kt-inside-inner-col{flex-direction:column;justify-content:center;}}@media all and (max-width: 1024px){.kadence-column74_db77bf-02 > .kt-inside-inner-col{flex-direction:column;justify-content:center;}}@media all and (max-width: 767px){.kt-row-column-wrap > .kadence-column74_db77bf-02{align-self:center;}.kt-inner-column-height-full:not(.kt-has-1-columns) > .wp-block-kadence-column.kadence-column74_db77bf-02{align-self:auto;}.kt-inner-column-height-full:not(.kt-has-1-columns) > .wp-block-kadence-column.kadence-column74_db77bf-02 > .kt-inside-inner-col{flex-direction:column;justify-content:center;}.kadence-column74_db77bf-02 > .kt-inside-inner-col{flex-direction:column;justify-content:center;}}<\/style>\n<div class=\"wp-block-kadence-column kadence-column74_db77bf-02 inner-column-1\"><div class=\"kt-inside-inner-col\"><style>.wp-block-kadence-advancedheading.kt-adv-heading74_3dcf27-6e, .wp-block-kadence-advancedheading.kt-adv-heading74_3dcf27-6e[data-kb-block=\"kb-adv-heading74_3dcf27-6e\"]{padding-top:var(--global-kb-spacing-3xl, 6.5rem);text-align:center;font-size:80px;line-height:1.1;font-style:normal;}.wp-block-kadence-advancedheading.kt-adv-heading74_3dcf27-6e mark.kt-highlight, .wp-block-kadence-advancedheading.kt-adv-heading74_3dcf27-6e[data-kb-block=\"kb-adv-heading74_3dcf27-6e\"] mark.kt-highlight{font-style:normal;color:#f76a0c;-webkit-box-decoration-break:clone;box-decoration-break:clone;padding-top:0px;padding-right:0px;padding-bottom:0px;padding-left:0px;}.wp-block-kadence-advancedheading.kt-adv-heading74_3dcf27-6e img.kb-inline-image, .wp-block-kadence-advancedheading.kt-adv-heading74_3dcf27-6e[data-kb-block=\"kb-adv-heading74_3dcf27-6e\"] img.kb-inline-image{width:150px;vertical-align:baseline;}@media all and (max-width: 1024px){.wp-block-kadence-advancedheading.kt-adv-heading74_3dcf27-6e, .wp-block-kadence-advancedheading.kt-adv-heading74_3dcf27-6e[data-kb-block=\"kb-adv-heading74_3dcf27-6e\"]{font-size:60px;}}@media all and (max-width: 767px){.wp-block-kadence-advancedheading.kt-adv-heading74_3dcf27-6e, .wp-block-kadence-advancedheading.kt-adv-heading74_3dcf27-6e[data-kb-block=\"kb-adv-heading74_3dcf27-6e\"]{padding-top:var(--global-kb-spacing-3xl, 6.5rem);padding-bottom:0px;font-size:40px;}}<\/style>\n<h1 class=\"kt-adv-heading74_3dcf27-6e wp-block-kadence-advancedheading has-theme-palette-9-color has-text-color\" data-kb-block=\"kb-adv-heading74_3dcf27-6e\">Egil i snekkarbua<\/h1>\n\n\n<style>.wp-block-kadence-advancedbtn.kb-btns74_c4936d-26{gap:var(--global-kb-gap-xs, 0.5rem );justify-content:center;align-items:center;}.kt-btns74_c4936d-26 .kt-button{font-weight:normal;font-style:normal;}.kt-btns74_c4936d-26 .kt-btn-wrap-0{margin-right:5px;}.wp-block-kadence-advancedbtn.kt-btns74_c4936d-26 .kt-btn-wrap-0 .kt-button{color:#555555;border-color:#555555;}.wp-block-kadence-advancedbtn.kt-btns74_c4936d-26 .kt-btn-wrap-0 .kt-button:hover, .wp-block-kadence-advancedbtn.kt-btns74_c4936d-26 .kt-btn-wrap-0 .kt-button:focus{color:#ffffff;border-color:#444444;}.wp-block-kadence-advancedbtn.kt-btns74_c4936d-26 .kt-btn-wrap-0 .kt-button::before{display:none;}.wp-block-kadence-advancedbtn.kt-btns74_c4936d-26 .kt-btn-wrap-0 .kt-button:hover, .wp-block-kadence-advancedbtn.kt-btns74_c4936d-26 .kt-btn-wrap-0 .kt-button:focus{background:#444444;}<\/style>\n<div class=\"wp-block-kadence-advancedbtn kb-buttons-wrap kb-btns74_c4936d-26\"><style>ul.menu .wp-block-kadence-advancedbtn .kb-btn74_cf57be-42.kb-button{width:initial;}<\/style><a class=\"kb-button kt-button button kb-btn74_cf57be-42 kt-btn-size-standard kt-btn-width-type-auto kb-btn-global-fill  kt-btn-has-text-true kt-btn-has-svg-false  wp-block-kadence-singlebtn\" href=\"https:\/\/egilisnekkarbua.no\/?page_id=423\"><span class=\"kt-btn-inner-text\">Min Sl\u00f8yd<\/span><\/a><\/div>\n<\/div><\/div>\n\n<\/div><\/div>\n\n<style>.kb-row-layout-id74_fedccd-34 > .kt-row-column-wrap{align-content:start;}:where(.kb-row-layout-id74_fedccd-34 > .kt-row-column-wrap) > .wp-block-kadence-column{justify-content:start;}.kb-row-layout-id74_fedccd-34 > .kt-row-column-wrap{column-gap:var(--global-kb-gap-lg, 4rem);row-gap:var(--global-kb-gap-md, 2rem);max-width:var( --global-content-width, 1290px );padding-left:var(--global-content-edge-padding);padding-right:var(--global-content-edge-padding);padding-top:var(--global-kb-spacing-3xl, 6.5rem);padding-bottom:var(--global-kb-spacing-3xl, 6.5rem);grid-template-columns:repeat(2, minmax(0, 1fr));}.kb-row-layout-id74_fedccd-34 > .kt-row-layout-overlay{opacity:0.30;}@media all and (max-width: 1024px){.kb-row-layout-id74_fedccd-34 > .kt-row-column-wrap{padding-top:var(--global-kb-spacing-lg, 3rem);padding-bottom:var(--global-kb-spacing-lg, 3rem);grid-template-columns:repeat(2, minmax(0, 1fr));}}@media all and (max-width: 767px){.kb-row-layout-id74_fedccd-34 > .kt-row-column-wrap{grid-template-columns:minmax(0, 1fr);}}<\/style><div class=\"kb-row-layout-wrap kb-row-layout-id74_fedccd-34 alignfull has-theme-palette9-background-color kt-row-has-bg wp-block-kadence-rowlayout\"><div class=\"kt-row-column-wrap kt-has-2-columns kt-row-layout-equal kt-tab-layout-equal kt-mobile-layout-row kt-row-valign-top kb-theme-content-width\">\n<style>.kadence-column74_2693b3-49 > .kt-inside-inner-col{display:flex;}.kadence-column74_2693b3-49 > .kt-inside-inner-col{padding-top:0px;padding-right:0px;padding-bottom:0px;padding-left:0px;}.kadence-column74_2693b3-49 > .kt-inside-inner-col,.kadence-column74_2693b3-49 > .kt-inside-inner-col:before{border-top-left-radius:6px;border-top-right-radius:6px;border-bottom-right-radius:6px;border-bottom-left-radius:6px;}.kadence-column74_2693b3-49 > .kt-inside-inner-col{column-gap:var(--global-kb-gap-sm, 1rem);}.kadence-column74_2693b3-49 > .kt-inside-inner-col{flex-direction:column;justify-content:center;}.kadence-column74_2693b3-49 > .kt-inside-inner-col > .aligncenter{width:100%;}.kt-row-column-wrap > .kadence-column74_2693b3-49{align-self:center;}.kt-inner-column-height-full:not(.kt-has-1-columns) > .wp-block-kadence-column.kadence-column74_2693b3-49{align-self:auto;}.kt-inner-column-height-full:not(.kt-has-1-columns) > .wp-block-kadence-column.kadence-column74_2693b3-49 > .kt-inside-inner-col{flex-direction:column;justify-content:center;}.kadence-column74_2693b3-49 > .kt-inside-inner-col:before{opacity:0.3;}.kadence-column74_2693b3-49{position:relative;}.kadence-column74_2693b3-49, .kt-inside-inner-col > .kadence-column74_2693b3-49:not(.specificity){margin-top:0px;margin-right:0px;margin-bottom:0px;margin-left:0px;}@media all and (max-width: 1024px){.kt-row-column-wrap > .kadence-column74_2693b3-49{align-self:center;}}@media all and (max-width: 1024px){.kt-inner-column-height-full:not(.kt-has-1-columns) > .wp-block-kadence-column.kadence-column74_2693b3-49{align-self:auto;}}@media all and (max-width: 1024px){.kt-inner-column-height-full:not(.kt-has-1-columns) > .wp-block-kadence-column.kadence-column74_2693b3-49 > .kt-inside-inner-col{flex-direction:column;justify-content:center;}}@media all and (max-width: 1024px){.kadence-column74_2693b3-49 > .kt-inside-inner-col{flex-direction:column;justify-content:center;}}@media all and (max-width: 767px){.kt-row-column-wrap > .kadence-column74_2693b3-49{align-self:center;}.kt-inner-column-height-full:not(.kt-has-1-columns) > .wp-block-kadence-column.kadence-column74_2693b3-49{align-self:auto;}.kt-inner-column-height-full:not(.kt-has-1-columns) > .wp-block-kadence-column.kadence-column74_2693b3-49 > .kt-inside-inner-col{flex-direction:column;justify-content:center;}.kadence-column74_2693b3-49 > .kt-inside-inner-col{flex-direction:column;justify-content:center;}}<\/style>\n<div class=\"wp-block-kadence-column kadence-column74_2693b3-49 inner-column-1 relative\"><div class=\"kt-inside-inner-col\"><style>.kadence-column74_ef38b0-31 > .kt-inside-inner-col,.kadence-column74_ef38b0-31 > .kt-inside-inner-col:before{border-top-left-radius:0px;border-top-right-radius:0px;border-bottom-right-radius:0px;border-bottom-left-radius:0px;}.kadence-column74_ef38b0-31 > .kt-inside-inner-col{column-gap:var(--global-kb-gap-sm, 1rem);}.kadence-column74_ef38b0-31 > .kt-inside-inner-col{flex-direction:column;}.kadence-column74_ef38b0-31 > .kt-inside-inner-col > .aligncenter{width:100%;}.kadence-column74_ef38b0-31 > .kt-inside-inner-col{background-color:var(--global-palette7, #EDF2F7);}.kadence-column74_ef38b0-31 > .kt-inside-inner-col:before{opacity:0.3;}.kadence-column74_ef38b0-31{position:relative;}.kadence-column74_ef38b0-31, .kt-inside-inner-col > .kadence-column74_ef38b0-31:not(.specificity){margin-top:50px;margin-right:50px;}@media all and (max-width: 1024px){.kadence-column74_ef38b0-31 > .kt-inside-inner-col{flex-direction:column;justify-content:center;}}@media all and (max-width: 767px){.kadence-column74_ef38b0-31 > .kt-inside-inner-col{flex-direction:column;justify-content:center;}}<\/style>\n<div class=\"wp-block-kadence-column kadence-column74_ef38b0-31\"><div class=\"kt-inside-inner-col\"><style>.wp-block-kadence-image.kb-image74_5b34cf-ae:not(.kb-specificity-added):not(.kb-extra-specificity-added){margin-top:-50px;margin-right:-50px;margin-bottom:0px;}.kb-image74_5b34cf-ae .kb-image-has-overlay:after{opacity:0.3;}<\/style>\n<figure class=\"wp-block-kadence-image kb-image74_5b34cf-ae size-full kb-image-is-ratio-size\"><div class=\"kb-is-ratio-image kb-image-ratio-square\"><img decoding=\"async\" src=\"https:\/\/egilisnekkarbua.no\/wp-content\/uploads\/2024\/01\/PXL_20240101_113439986.PORTRAIT.jpg\" alt=\"\" class=\"kb-img wp-image-687\"\/><\/div><\/figure>\n<\/div><\/div>\n<\/div><\/div>\n\n\n<style>.kadence-column74_2b718c-08 > .kt-inside-inner-col{display:flex;}.kadence-column74_2b718c-08 > .kt-inside-inner-col,.kadence-column74_2b718c-08 > .kt-inside-inner-col:before{border-top-left-radius:0px;border-top-right-radius:0px;border-bottom-right-radius:0px;border-bottom-left-radius:0px;}.kadence-column74_2b718c-08 > .kt-inside-inner-col{column-gap:var(--global-kb-gap-sm, 1rem);}.kadence-column74_2b718c-08 > .kt-inside-inner-col{flex-direction:column;justify-content:center;}.kadence-column74_2b718c-08 > .kt-inside-inner-col > .aligncenter{width:100%;}.kt-row-column-wrap > .kadence-column74_2b718c-08{align-self:center;}.kt-inner-column-height-full:not(.kt-has-1-columns) > .wp-block-kadence-column.kadence-column74_2b718c-08{align-self:auto;}.kt-inner-column-height-full:not(.kt-has-1-columns) > .wp-block-kadence-column.kadence-column74_2b718c-08 > .kt-inside-inner-col{flex-direction:column;justify-content:center;}.kadence-column74_2b718c-08 > .kt-inside-inner-col:before{opacity:0.3;}.kadence-column74_2b718c-08{position:relative;}@media all and (max-width: 1024px){.kt-row-column-wrap > .kadence-column74_2b718c-08{align-self:center;}}@media all and (max-width: 1024px){.kt-inner-column-height-full:not(.kt-has-1-columns) > .wp-block-kadence-column.kadence-column74_2b718c-08{align-self:auto;}}@media all and (max-width: 1024px){.kt-inner-column-height-full:not(.kt-has-1-columns) > .wp-block-kadence-column.kadence-column74_2b718c-08 > .kt-inside-inner-col{flex-direction:column;justify-content:center;}}@media all and (max-width: 1024px){.kadence-column74_2b718c-08 > .kt-inside-inner-col{flex-direction:column;justify-content:center;}}@media all and (max-width: 767px){.kt-row-column-wrap > .kadence-column74_2b718c-08{align-self:center;}.kt-inner-column-height-full:not(.kt-has-1-columns) > .wp-block-kadence-column.kadence-column74_2b718c-08{align-self:auto;}.kt-inner-column-height-full:not(.kt-has-1-columns) > .wp-block-kadence-column.kadence-column74_2b718c-08 > .kt-inside-inner-col{flex-direction:column;justify-content:center;}.kadence-column74_2b718c-08 > .kt-inside-inner-col{flex-direction:column;justify-content:center;}}<\/style>\n<div class=\"wp-block-kadence-column kadence-column74_2b718c-08 inner-column-2\"><div class=\"kt-inside-inner-col\"><style>.wp-block-kadence-spacer.kt-block-spacer-74_240f89-90 .kt-block-spacer{height:10px;}.wp-block-kadence-spacer.kt-block-spacer-74_240f89-90 .kt-divider{border-top-width:1px;height:1px;border-top-color:var(--global-palette1, #3182CE);width:20%;border-top-style:solid;}<\/style>\n<div class=\"wp-block-kadence-spacer alignnone kt-block-spacer-74_240f89-90\"><div class=\"kt-block-spacer kt-block-spacer-halign-left\"><hr class=\"kt-divider\"\/><\/div><\/div>\n\n\n<style>.wp-block-kadence-advancedheading.kt-adv-heading74_ddd55e-36, .wp-block-kadence-advancedheading.kt-adv-heading74_ddd55e-36[data-kb-block=\"kb-adv-heading74_ddd55e-36\"]{margin-top:var(--global-kb-spacing-sm, 1.5rem);text-align:left;font-size:32px;line-height:1.2;font-style:normal;}.wp-block-kadence-advancedheading.kt-adv-heading74_ddd55e-36 mark.kt-highlight, .wp-block-kadence-advancedheading.kt-adv-heading74_ddd55e-36[data-kb-block=\"kb-adv-heading74_ddd55e-36\"] mark.kt-highlight{font-style:normal;color:#f76a0c;-webkit-box-decoration-break:clone;box-decoration-break:clone;padding-top:0px;padding-right:0px;padding-bottom:0px;padding-left:0px;}.wp-block-kadence-advancedheading.kt-adv-heading74_ddd55e-36 img.kb-inline-image, .wp-block-kadence-advancedheading.kt-adv-heading74_ddd55e-36[data-kb-block=\"kb-adv-heading74_ddd55e-36\"] img.kb-inline-image{width:150px;vertical-align:baseline;}@media all and (max-width: 767px){.wp-block-kadence-advancedheading.kt-adv-heading74_ddd55e-36, .wp-block-kadence-advancedheading.kt-adv-heading74_ddd55e-36[data-kb-block=\"kb-adv-heading74_ddd55e-36\"]{font-size:36px;}}<\/style>\n<h2 class=\"kt-adv-heading74_ddd55e-36 wp-block-kadence-advancedheading has-theme-palette-3-color has-text-color\" data-kb-block=\"kb-adv-heading74_ddd55e-36\">Bli med inn i snekkarbua<\/h2>\n\n\n\n<p>Med tiden er sl\u00f8yd blitt en hobby. En sakte virksomhet som gir stor livskvalitet. Tiden g\u00e5r fort i snekkarbua, der en f\u00e5r utl\u00f8p for skjult kreativitet og skaperlyst. Arbeidet gir ro i kropp og sjel. Tiden i snekkerbua er i h\u00f8yeste grad selvvalgt!<\/p>\n<\/div><\/div>\n\n<\/div><\/div>\n\n<style>.kb-row-layout-id74_a68dee-4a > .kt-row-column-wrap{align-content:center;}:where(.kb-row-layout-id74_a68dee-4a > .kt-row-column-wrap) > .wp-block-kadence-column{justify-content:center;}.kb-row-layout-id74_a68dee-4a > .kt-row-column-wrap{column-gap:var(--global-kb-gap-md, 2rem);row-gap:var(--global-kb-gap-md, 2rem);max-width:var( --global-content-width, 1290px );padding-left:var(--global-content-edge-padding);padding-right:var(--global-content-edge-padding);padding-top:var(--global-kb-spacing-3xl, 6.5rem);padding-bottom:var(--global-kb-spacing-3xl, 6.5rem);min-height:600px;grid-template-columns:minmax(0, 1fr);}.kb-row-layout-id74_a68dee-4a > .kt-row-layout-overlay{opacity:0.72;background-color:var(--global-palette4, #2D3748);mix-blend-mode:normal;}@media all and (max-width: 1024px){.kb-row-layout-id74_a68dee-4a > .kt-row-column-wrap{grid-template-columns:minmax(0, 1fr);}}@media all and (max-width: 767px){.kb-row-layout-id74_a68dee-4a > .kt-row-column-wrap{min-height:300px;grid-template-columns:minmax(0, 1fr);}}<\/style><div class=\"kb-row-layout-wrap kb-row-layout-id74_a68dee-4a alignfull kt-row-has-bg wp-block-kadence-rowlayout\"><div class=\"kb-blocks-bg-video-container\"><video class=\"kb-blocks-bg-video\" id=\"bg-row-video-74_a68dee-4a\" playsinline muted loop src=\"https:\/\/egilisnekkarbua.no\/wp-content\/uploads\/2024\/01\/PXL_20240101_113937047.TS-1.mp4\" autoplay><\/video><\/div><div class=\"kt-row-layout-overlay kt-row-overlay-normal\"><\/div><div class=\"kt-row-column-wrap kt-has-1-columns kt-row-layout-equal kt-tab-layout-inherit kt-mobile-layout-row kt-row-valign-middle kb-theme-content-width\">\n<style>.kadence-column74_9d3b40-47 > .kt-inside-inner-col,.kadence-column74_9d3b40-47 > .kt-inside-inner-col:before{border-top-left-radius:0px;border-top-right-radius:0px;border-bottom-right-radius:0px;border-bottom-left-radius:0px;}.kadence-column74_9d3b40-47 > .kt-inside-inner-col{column-gap:var(--global-kb-gap-sm, 1rem);}.kadence-column74_9d3b40-47 > .kt-inside-inner-col{flex-direction:column;}.kadence-column74_9d3b40-47 > .kt-inside-inner-col > .aligncenter{width:100%;}.kadence-column74_9d3b40-47 > .kt-inside-inner-col:before{opacity:0.3;}.kadence-column74_9d3b40-47{position:relative;}@media all and (max-width: 1024px){.kadence-column74_9d3b40-47 > .kt-inside-inner-col{flex-direction:column;justify-content:center;}}@media all and (max-width: 767px){.kadence-column74_9d3b40-47 > .kt-inside-inner-col{flex-direction:column;justify-content:center;}}<\/style>\n<div class=\"wp-block-kadence-column kadence-column74_9d3b40-47 inner-column-1\"><div class=\"kt-inside-inner-col\"><style>.wp-block-kadence-spacer.kt-block-spacer-74_f91cca-2e .kt-block-spacer{height:10px;}.wp-block-kadence-spacer.kt-block-spacer-74_f91cca-2e .kt-divider{border-top-width:1px;height:1px;border-top-color:var(--global-palette1, #3182CE);width:20%;border-top-style:solid;}<\/style>\n<div class=\"wp-block-kadence-spacer alignnone kt-block-spacer-74_f91cca-2e\"><div class=\"kt-block-spacer kt-block-spacer-halign-center\"><hr class=\"kt-divider\"\/><\/div><\/div>\n\n\n<style>.wp-block-kadence-advancedheading.kt-adv-heading74_dd7af1-61, .wp-block-kadence-advancedheading.kt-adv-heading74_dd7af1-61[data-kb-block=\"kb-adv-heading74_dd7af1-61\"]{max-width:800px;margin-right:auto;margin-left:auto;margin-top:var(--global-kb-spacing-xxs, 0.5rem);margin-right:var(--global-kb-spacing-5xl, 10rem);margin-left:var(--global-kb-spacing-5xl, 10rem);text-align:center;font-size:var(--global-kb-font-size-lg, 2rem);line-height:1.2;font-style:normal;}.wp-block-kadence-advancedheading.kt-adv-heading74_dd7af1-61 mark.kt-highlight, .wp-block-kadence-advancedheading.kt-adv-heading74_dd7af1-61[data-kb-block=\"kb-adv-heading74_dd7af1-61\"] mark.kt-highlight{font-style:normal;color:#f76a0c;-webkit-box-decoration-break:clone;box-decoration-break:clone;padding-top:0px;padding-right:0px;padding-bottom:0px;padding-left:0px;}.wp-block-kadence-advancedheading.kt-adv-heading74_dd7af1-61 img.kb-inline-image, .wp-block-kadence-advancedheading.kt-adv-heading74_dd7af1-61[data-kb-block=\"kb-adv-heading74_dd7af1-61\"] img.kb-inline-image{width:150px;vertical-align:baseline;}@media all and (max-width: 767px){.wp-block-kadence-advancedheading.kt-adv-heading74_dd7af1-61, .wp-block-kadence-advancedheading.kt-adv-heading74_dd7af1-61[data-kb-block=\"kb-adv-heading74_dd7af1-61\"]{margin-right:var(--global-kb-spacing-xs, 1rem);margin-left:var(--global-kb-spacing-xxs, 0.5rem);font-size:25px;}}<\/style>\n<h2 class=\"kt-adv-heading74_dd7af1-61 wp-block-kadence-advancedheading has-theme-palette-9-color has-text-color\" data-kb-block=\"kb-adv-heading74_dd7af1-61\">&laquo;Tre er et fantastisk materiale, kortreist og en del av naturens kretsl\u00f8p&raquo;<\/h2>\n\n\n<style>.wp-block-kadence-spacer.kt-block-spacer-74_d7f8bd-bf .kt-block-spacer{height:10px;}.wp-block-kadence-spacer.kt-block-spacer-74_d7f8bd-bf .kt-divider{border-top-width:1px;height:1px;border-top-color:var(--global-palette1, #3182CE);width:20%;border-top-style:solid;}<\/style>\n<div class=\"wp-block-kadence-spacer alignnone kt-block-spacer-74_d7f8bd-bf\"><div class=\"kt-block-spacer kt-block-spacer-halign-center\"><hr class=\"kt-divider\"\/><\/div><\/div>\n<\/div><\/div>\n\n<\/div><\/div>","protected":false},"excerpt":{"rendered":"<p>Egil i snekkarbua Bli med inn i snekkarbua Med tiden er sl\u00f8yd blitt en hobby. En sakte virksomhet som gir stor livskvalitet. Tiden g\u00e5r fort i snekkarbua, der en f\u00e5r utl\u00f8p for skjult kreativitet og skaperlyst. Arbeidet gir ro i kropp og sjel. Tiden i snekkerbua er i h\u00f8yeste grad selvvalgt! &laquo;Tre er et fantastisk&#8230;<\/p>\n","protected":false},"author":1,"featured_media":0,"parent":0,"menu_order":0,"comment_status":"closed","ping_status":"closed","template":"","meta":{"_kadence_starter_templates_imported_post":true,"_kad_post_transparent":"","_kad_post_title":"hide","_kad_post_layout":"fullwidth","_kad_post_sidebar_id":"","_kad_post_content_style":"unboxed","_kad_post_vertical_padding":"hide","_kad_post_feature":"hide","_kad_post_feature_position":"","_kad_post_header":false,"_kad_post_footer":false,"_kad_post_classname":"","footnotes":""},"class_list":["post-74","page","type-page","status-publish","hentry"],"_links":{"self":[{"href":"https:\/\/egilisnekkarbua.no\/index.php?rest_route=\/wp\/v2\/pages\/74","targetHints":{"allow":["GET"]}}],"collection":[{"href":"https:\/\/egilisnekkarbua.no\/index.php?rest_route=\/wp\/v2\/pages"}],"about":[{"href":"https:\/\/egilisnekkarbua.no\/index.php?rest_route=\/wp\/v2\/types\/page"}],"author":[{"embeddable":true,"href":"https:\/\/egilisnekkarbua.no\/index.php?rest_route=\/wp\/v2\/users\/1"}],"replies":[{"embeddable":true,"href":"https:\/\/egilisnekkarbua.no\/index.php?rest_route=%2Fwp%2Fv2%2Fcomments&post=74"}],"version-history":[{"count":5,"href":"https:\/\/egilisnekkarbua.no\/index.php?rest_route=\/wp\/v2\/pages\/74\/revisions"}],"predecessor-version":[{"id":1260,"href":"https:\/\/egilisnekkarbua.no\/index.php?rest_route=\/wp\/v2\/pages\/74\/revisions\/1260"}],"wp:attachment":[{"href":"https:\/\/egilisnekkarbua.no\/index.php?rest_route=%2Fwp%2Fv2%2Fmedia&parent=74"}],"curies":[{"name":"wp","href":"https:\/\/api.w.org\/{rel}","templated":true}]}}